{"id":659,"date":"2022-06-24T16:05:04","date_gmt":"2022-06-24T16:05:04","guid":{"rendered":"http:\/\/question.professional.local\/?page_id=659"},"modified":"2024-10-07T20:32:31","modified_gmt":"2024-10-07T20:32:31","slug":"about-us","status":"publish","type":"page","link":"https:\/\/questioncolor.com.ar\/en\/about-us\/","title":{"rendered":"About Us"},"content":{"rendered":"\t\t<div data-elementor-type=\"wp-page\" data-elementor-id=\"659\" class=\"elementor elementor-659\" data-elementor-post-type=\"page\">\n\t\t\t\t<div data-particle_enable=\"false\" data-particle-mobile-disabled=\"false\" class=\"elementor-element elementor-element-4f8de1e e-flex e-con-boxed e-con e-parent\" data-id=\"4f8de1e\" data-element_type=\"container\" data-e-type=\"container\" data-settings=\"{&quot;background_background&quot;:&quot;classic&quot;}\">\n\t\t\t\t\t<div class=\"e-con-inner\">\n\t\t<div data-particle_enable=\"false\" data-particle-mobile-disabled=\"false\" class=\"elementor-element elementor-element-ad242e9 e-con-full e-flex e-con e-child\" data-id=\"ad242e9\" data-element_type=\"container\" data-e-type=\"container\">\n\t\t\t\t<div class=\"elementor-element elementor-element-1604b13 elementor-widget elementor-widget-image\" data-id=\"1604b13\" data-element_type=\"widget\" data-e-type=\"widget\" data-widget_type=\"image.default\">\n\t\t\t\t<div class=\"elementor-widget-container\">\n\t\t\t\t\t\t\t\t\t\t\t\t\t\t\t<img decoding=\"async\" width=\"1\" height=\"1\" src=\"https:\/\/questioncolor.com.ar\/en\/wp-content\/uploads\/sites\/2\/2021\/08\/questioncolor_logo-light.svg\" class=\"attachment-large size-large wp-image-88 inwp-archive-product-image\" alt=\"\" \/>\t\t\t\t\t\t\t\t\t\t\t\t\t\t\t<\/div>\n\t\t\t\t<\/div>\n\t\t\t\t<\/div>\n\t\t<div data-particle_enable=\"false\" data-particle-mobile-disabled=\"false\" class=\"elementor-element elementor-element-39be6db e-con-full e-flex e-con e-child\" data-id=\"39be6db\" data-element_type=\"container\" data-e-type=\"container\">\n\t\t\t\t<div class=\"elementor-element elementor-element-76cdbac elementor-widget elementor-widget-heading\" data-id=\"76cdbac\" data-element_type=\"widget\" data-e-type=\"widget\" data-widget_type=\"heading.default\">\n\t\t\t\t<div class=\"elementor-widget-container\">\n\t\t\t\t\t<h2 class=\"elementor-heading-title elementor-size-default\">About Us<\/h2>\t\t\t\t<\/div>\n\t\t\t\t<\/div>\n\t\t\t\t<div class=\"elementor-element elementor-element-cdc93cd elementor-widget elementor-widget-image\" data-id=\"cdc93cd\" data-element_type=\"widget\" data-e-type=\"widget\" data-widget_type=\"image.default\">\n\t\t\t\t<div class=\"elementor-widget-container\">\n\t\t\t\t\t\t\t\t\t\t\t\t\t\t\t<img decoding=\"async\" width=\"1\" height=\"1\" src=\"https:\/\/questioncolor.com.ar\/en\/wp-content\/uploads\/sites\/2\/2021\/08\/professional_question_blanco.svg\" class=\"attachment-large size-large wp-image-704 inwp-archive-product-image\" alt=\"\" \/>\t\t\t\t\t\t\t\t\t\t\t\t\t\t\t<\/div>\n\t\t\t\t<\/div>\n\t\t\t\t<div class=\"elementor-element elementor-element-16a2e76 elementor-widget elementor-widget-text-editor\" data-id=\"16a2e76\" data-element_type=\"widget\" data-e-type=\"widget\" data-widget_type=\"text-editor.default\">\n\t\t\t\t<div class=\"elementor-widget-container\">\n\t\t\t\t\t\t\t\t\t<p>It all started with a vision.<\/p><p><span style=\"font-weight: 400;\">Since its foundation in 2000, <strong>Question Professional<\/strong> has been at the forefront of the beauty industry, delivering cutting-edge products and pioneering business practices. We focus on both professionals and consumers.<\/span><\/p><p>\u00a0<\/p><p><span style=\"font-weight: 400;\">Question creates premium products using natural, eco-friendly ingredients from sustainable sources. Our commitment is to provide exceptional results for hair while also protecting the environment. As the world evolves, Question Professional stays ahead of the curve with the latest concepts, trends, and education.\u00a0<\/span><\/p><p><span style=\"font-weight: 400;\"><strong>Question Professional<\/strong> is a company devoted to advancing business growth, fostering professional artistry, and celebrating personal beauty.<\/span><\/p>\t\t\t\t\t\t\t\t<\/div>\n\t\t\t\t<\/div>\n\t\t\t\t<\/div>\n\t\t\t\t\t<\/div>\n\t\t\t\t<\/div>\n\t\t<div data-particle_enable=\"false\" data-particle-mobile-disabled=\"false\" class=\"elementor-element elementor-element-629a156 e-con-full e-flex e-con e-parent\" data-id=\"629a156\" data-element_type=\"container\" data-e-type=\"container\">\n\t\t\t\t<div class=\"elementor-element elementor-element-9ef2fda elementor-invisible elementor-widget elementor-widget-image\" data-id=\"9ef2fda\" data-element_type=\"widget\" data-e-type=\"widget\" data-settings=\"{&quot;motion_fx_motion_fx_scrolling&quot;:&quot;yes&quot;,&quot;motion_fx_blur_effect&quot;:&quot;yes&quot;,&quot;motion_fx_blur_level&quot;:{&quot;unit&quot;:&quot;px&quot;,&quot;size&quot;:6,&quot;sizes&quot;:[]},&quot;motion_fx_blur_range&quot;:{&quot;unit&quot;:&quot;%&quot;,&quot;size&quot;:&quot;&quot;,&quot;sizes&quot;:{&quot;start&quot;:0,&quot;end&quot;:50}},&quot;_animation&quot;:&quot;fadeIn&quot;,&quot;motion_fx_blur_direction&quot;:&quot;out-in&quot;,&quot;motion_fx_devices&quot;:[&quot;desktop&quot;,&quot;tablet&quot;,&quot;mobile&quot;]}\" data-widget_type=\"image.default\">\n\t\t\t\t<div class=\"elementor-widget-container\">\n\t\t\t\t\t\t\t\t\t\t\t\t\t\t\t<img fetchpriority=\"high\" decoding=\"async\" width=\"1600\" height=\"700\" src=\"https:\/\/questioncolor.com.ar\/en\/wp-content\/uploads\/sites\/2\/2024\/05\/banner-nuevos-tonos-lumiplex2.jpg\" class=\"attachment-full size-full wp-image-2747 inwp-archive-product-image\" alt=\"\" srcset=\"https:\/\/questioncolor.com.ar\/en\/wp-content\/uploads\/sites\/2\/2024\/05\/banner-nuevos-tonos-lumiplex2.jpg 1600w, https:\/\/questioncolor.com.ar\/en\/wp-content\/uploads\/sites\/2\/2024\/05\/banner-nuevos-tonos-lumiplex2-300x131.jpg 300w, https:\/\/questioncolor.com.ar\/en\/wp-content\/uploads\/sites\/2\/2024\/05\/banner-nuevos-tonos-lumiplex2-1024x448.jpg 1024w, https:\/\/questioncolor.com.ar\/en\/wp-content\/uploads\/sites\/2\/2024\/05\/banner-nuevos-tonos-lumiplex2-768x336.jpg 768w, https:\/\/questioncolor.com.ar\/en\/wp-content\/uploads\/sites\/2\/2024\/05\/banner-nuevos-tonos-lumiplex2-1536x672.jpg 1536w, https:\/\/questioncolor.com.ar\/en\/wp-content\/uploads\/sites\/2\/2024\/05\/banner-nuevos-tonos-lumiplex2-600x263.jpg 600w\" sizes=\"(max-width: 1600px) 100vw, 1600px\" \/>\t\t\t\t\t\t\t\t\t\t\t\t\t\t\t<\/div>\n\t\t\t\t<\/div>\n\t\t\t\t<\/div>\n\t\t<div data-particle_enable=\"false\" data-particle-mobile-disabled=\"false\" class=\"elementor-element elementor-element-38e99303 e-con-full e-flex e-con e-parent\" data-id=\"38e99303\" data-element_type=\"container\" data-e-type=\"container\">\n\t\t\t\t<div class=\"elementor-element elementor-element-69bd1798 elementor-widget elementor-widget-shortcode\" data-id=\"69bd1798\" data-element_type=\"widget\" data-e-type=\"widget\" data-widget_type=\"shortcode.default\">\n\t\t\t\t<div class=\"elementor-widget-container\">\n\t\t\t\t\t\t\t<div class=\"elementor-shortcode\"><\/div>\n\t\t\t\t\t\t<\/div>\n\t\t\t\t<\/div>\n\t\t\t\t<\/div>\n\t\t\t\t<\/div>\n\t\t","protected":false},"excerpt":{"rendered":"<p>About Us It all started with a vision. Since its foundation in 2000, Question Professional has been at the forefront of the beauty industry, delivering cutting-edge products and pioneering business&#8230;<\/p>\n","protected":false},"author":1,"featured_media":0,"parent":0,"menu_order":0,"comment_status":"closed","ping_status":"closed","template":"","meta":{"_acf_changed":false,"footnotes":""},"class_list":["post-659","page","type-page","status-publish","hentry"],"acf":[],"yoast_head":"<!-- This site is optimized with the Yoast SEO plugin v25.5 - https:\/\/yoast.com\/wordpress\/plugins\/seo\/ -->\n<title>Question Professional - Sobre nosotros<\/title>\n<meta name=\"description\" content=\"Question Professional, concebida desde 1999, con el sue\u00f1o y la pasi\u00f3n de crear una l\u00ednea de cosm\u00e9tica capilar profesional.\" \/>\n<meta name=\"robots\" content=\"index, follow, max-snippet:-1, max-image-preview:large, max-video-preview:-1\" \/>\n<link rel=\"canonical\" href=\"https:\/\/questioncolor.com.ar\/en\/about-us\/\" \/>\n<meta property=\"og:locale\" content=\"en_US\" \/>\n<meta property=\"og:type\" content=\"article\" \/>\n<meta property=\"og:title\" content=\"Question Professional - Sobre nosotros\" \/>\n<meta property=\"og:description\" content=\"Question Professional, concebida desde 1999, con el sue\u00f1o y la pasi\u00f3n de crear una l\u00ednea de cosm\u00e9tica capilar profesional.\" \/>\n<meta property=\"og:url\" content=\"https:\/\/questioncolor.com.ar\/en\/about-us\/\" \/>\n<meta property=\"og:site_name\" content=\"Question Professional\" \/>\n<meta property=\"article:modified_time\" content=\"2024-10-07T20:32:31+00:00\" \/>\n<meta name=\"twitter:card\" content=\"summary_large_image\" \/>\n<meta name=\"twitter:label1\" content=\"Est. reading time\" \/>\n\t<meta name=\"twitter:data1\" content=\"2 minutes\" \/>\n<script type=\"application\/ld+json\" class=\"yoast-schema-graph\">{\"@context\":\"https:\/\/schema.org\",\"@graph\":[{\"@type\":\"WebPage\",\"@id\":\"https:\/\/questioncolor.com.ar\/en\/about-us\/\",\"url\":\"https:\/\/questioncolor.com.ar\/en\/about-us\/\",\"name\":\"Question Professional - Sobre nosotros\",\"isPartOf\":{\"@id\":\"https:\/\/questioncolor.com.ar\/en\/#website\"},\"primaryImageOfPage\":{\"@id\":\"https:\/\/questioncolor.com.ar\/en\/about-us\/#primaryimage\"},\"image\":{\"@id\":\"https:\/\/questioncolor.com.ar\/en\/about-us\/#primaryimage\"},\"thumbnailUrl\":\"https:\/\/questioncolor.com.ar\/en\/wp-content\/uploads\/sites\/2\/2021\/08\/questioncolor_logo-light.svg\",\"datePublished\":\"2022-06-24T16:05:04+00:00\",\"dateModified\":\"2024-10-07T20:32:31+00:00\",\"description\":\"Question Professional, concebida desde 1999, con el sue\u00f1o y la pasi\u00f3n de crear una l\u00ednea de cosm\u00e9tica capilar profesional.\",\"breadcrumb\":{\"@id\":\"https:\/\/questioncolor.com.ar\/en\/about-us\/#breadcrumb\"},\"inLanguage\":\"en-US\",\"potentialAction\":[{\"@type\":\"ReadAction\",\"target\":[\"https:\/\/questioncolor.com.ar\/en\/about-us\/\"]}]},{\"@type\":\"ImageObject\",\"inLanguage\":\"en-US\",\"@id\":\"https:\/\/questioncolor.com.ar\/en\/about-us\/#primaryimage\",\"url\":\"https:\/\/questioncolor.com.ar\/en\/wp-content\/uploads\/sites\/2\/2021\/08\/questioncolor_logo-light.svg\",\"contentUrl\":\"https:\/\/questioncolor.com.ar\/en\/wp-content\/uploads\/sites\/2\/2021\/08\/questioncolor_logo-light.svg\"},{\"@type\":\"BreadcrumbList\",\"@id\":\"https:\/\/questioncolor.com.ar\/en\/about-us\/#breadcrumb\",\"itemListElement\":[{\"@type\":\"ListItem\",\"position\":1,\"name\":\"Inicio\",\"item\":\"https:\/\/questioncolor.com.ar\/en\/\"},{\"@type\":\"ListItem\",\"position\":2,\"name\":\"About Us\"}]},{\"@type\":\"WebSite\",\"@id\":\"https:\/\/questioncolor.com.ar\/en\/#website\",\"url\":\"https:\/\/questioncolor.com.ar\/en\/\",\"name\":\"Question Professional\",\"description\":\"Exclusive hair cosmetics for salons\",\"potentialAction\":[{\"@type\":\"SearchAction\",\"target\":{\"@type\":\"EntryPoint\",\"urlTemplate\":\"https:\/\/questioncolor.com.ar\/en\/?s={search_term_string}\"},\"query-input\":{\"@type\":\"PropertyValueSpecification\",\"valueRequired\":true,\"valueName\":\"search_term_string\"}}],\"inLanguage\":\"en-US\"}]}<\/script>\n<!-- \/ Yoast SEO plugin. -->","yoast_head_json":{"title":"Question Professional - Sobre nosotros","description":"Question Professional, concebida desde 1999, con el sue\u00f1o y la pasi\u00f3n de crear una l\u00ednea de cosm\u00e9tica capilar profesional.","robots":{"index":"index","follow":"follow","max-snippet":"max-snippet:-1","max-image-preview":"max-image-preview:large","max-video-preview":"max-video-preview:-1"},"canonical":"https:\/\/questioncolor.com.ar\/en\/about-us\/","og_locale":"en_US","og_type":"article","og_title":"Question Professional - Sobre nosotros","og_description":"Question Professional, concebida desde 1999, con el sue\u00f1o y la pasi\u00f3n de crear una l\u00ednea de cosm\u00e9tica capilar profesional.","og_url":"https:\/\/questioncolor.com.ar\/en\/about-us\/","og_site_name":"Question Professional","article_modified_time":"2024-10-07T20:32:31+00:00","twitter_card":"summary_large_image","twitter_misc":{"Est. reading time":"2 minutes"},"schema":{"@context":"https:\/\/schema.org","@graph":[{"@type":"WebPage","@id":"https:\/\/questioncolor.com.ar\/en\/about-us\/","url":"https:\/\/questioncolor.com.ar\/en\/about-us\/","name":"Question Professional - Sobre nosotros","isPartOf":{"@id":"https:\/\/questioncolor.com.ar\/en\/#website"},"primaryImageOfPage":{"@id":"https:\/\/questioncolor.com.ar\/en\/about-us\/#primaryimage"},"image":{"@id":"https:\/\/questioncolor.com.ar\/en\/about-us\/#primaryimage"},"thumbnailUrl":"https:\/\/questioncolor.com.ar\/en\/wp-content\/uploads\/sites\/2\/2021\/08\/questioncolor_logo-light.svg","datePublished":"2022-06-24T16:05:04+00:00","dateModified":"2024-10-07T20:32:31+00:00","description":"Question Professional, concebida desde 1999, con el sue\u00f1o y la pasi\u00f3n de crear una l\u00ednea de cosm\u00e9tica capilar profesional.","breadcrumb":{"@id":"https:\/\/questioncolor.com.ar\/en\/about-us\/#breadcrumb"},"inLanguage":"en-US","potentialAction":[{"@type":"ReadAction","target":["https:\/\/questioncolor.com.ar\/en\/about-us\/"]}]},{"@type":"ImageObject","inLanguage":"en-US","@id":"https:\/\/questioncolor.com.ar\/en\/about-us\/#primaryimage","url":"https:\/\/questioncolor.com.ar\/en\/wp-content\/uploads\/sites\/2\/2021\/08\/questioncolor_logo-light.svg","contentUrl":"https:\/\/questioncolor.com.ar\/en\/wp-content\/uploads\/sites\/2\/2021\/08\/questioncolor_logo-light.svg"},{"@type":"BreadcrumbList","@id":"https:\/\/questioncolor.com.ar\/en\/about-us\/#breadcrumb","itemListElement":[{"@type":"ListItem","position":1,"name":"Inicio","item":"https:\/\/questioncolor.com.ar\/en\/"},{"@type":"ListItem","position":2,"name":"About Us"}]},{"@type":"WebSite","@id":"https:\/\/questioncolor.com.ar\/en\/#website","url":"https:\/\/questioncolor.com.ar\/en\/","name":"Question Professional","description":"Exclusive hair cosmetics for salons","potentialAction":[{"@type":"SearchAction","target":{"@type":"EntryPoint","urlTemplate":"https:\/\/questioncolor.com.ar\/en\/?s={search_term_string}"},"query-input":{"@type":"PropertyValueSpecification","valueRequired":true,"valueName":"search_term_string"}}],"inLanguage":"en-US"}]}},"_links":{"self":[{"href":"https:\/\/questioncolor.com.ar\/en\/wp-json\/wp\/v2\/pages\/659","targetHints":{"allow":["GET"]}}],"collection":[{"href":"https:\/\/questioncolor.com.ar\/en\/wp-json\/wp\/v2\/pages"}],"about":[{"href":"https:\/\/questioncolor.com.ar\/en\/wp-json\/wp\/v2\/types\/page"}],"author":[{"embeddable":true,"href":"https:\/\/questioncolor.com.ar\/en\/wp-json\/wp\/v2\/users\/1"}],"replies":[{"embeddable":true,"href":"https:\/\/questioncolor.com.ar\/en\/wp-json\/wp\/v2\/comments?post=659"}],"version-history":[{"count":24,"href":"https:\/\/questioncolor.com.ar\/en\/wp-json\/wp\/v2\/pages\/659\/revisions"}],"predecessor-version":[{"id":3375,"href":"https:\/\/questioncolor.com.ar\/en\/wp-json\/wp\/v2\/pages\/659\/revisions\/3375"}],"wp:attachment":[{"href":"https:\/\/questioncolor.com.ar\/en\/wp-json\/wp\/v2\/media?parent=659"}],"curies":[{"name":"wp","href":"https:\/\/api.w.org\/{rel}","templated":true}]}}